{"id":5080,"date":"2024-07-05T16:48:21","date_gmt":"2024-07-05T19:48:21","guid":{"rendered":"https:\/\/www.clayss.org\/materiales-18-seminario\/"},"modified":"2024-07-25T02:53:36","modified_gmt":"2024-07-25T05:53:36","slug":"materials-18th","status":"publish","type":"page","link":"https:\/\/www.clayss.org\/en\/materials-18th\/","title":{"rendered":"materials 18th"},"content":{"rendered":"<div class=\"row row-collapse row-full-width align-equal\"  id=\"row-1677469283\">\n\n\t<div id=\"col-1546128703\" class=\"col medium-8 small-12 large-8\"  >\n\t\t\t\t<div class=\"col-inner\"  >\n\t\t\t\n\t\t\t\n\n  <div class=\"banner has-hover\" id=\"banner-474694325\">\n          <div class=\"banner-inner fill\">\n        <div class=\"banner-bg fill\" >\n            <img loading=\"lazy\" decoding=\"async\" width=\"1020\" height=\"401\" src=\"https:\/\/www.clayss.org\/wp-content\/uploads\/2024\/02\/18-1024x403.jpg\" class=\"bg attachment-large size-large\" alt=\"\" \/>                                    \n                    <\/div>\n\t\t\n        <div class=\"banner-layers container\">\n            <div class=\"fill banner-link\"><\/div>            \n        <\/div>\n      <\/div>\n\n            \n<style>\n#banner-474694325 {\n  padding-top: 65%;\n  background-color: rgb(242, 145, 0);\n}\n@media (min-width:550px) {\n  #banner-474694325 {\n    padding-top: 500px;\n  }\n}\n<\/style>\n  <\/div>\n\n\n\t\t<\/div>\n\t\t\t\t\t<\/div>\n\n\t\n\n\t<div id=\"col-1187070442\" class=\"col medium-4 small-12 large-4\"  >\n\t\t\t\t<div class=\"col-inner\" style=\"background-color:rgb(242, 145, 0);\" >\n\t\t\t\n\t\t\t\n<div class=\"row row-collapse row-full-width align-equal\"  id=\"row-244703347\">\n\n\n\t<div id=\"col-510720509\" class=\"col small-12 large-12\"  >\n\t\t\t\t<div class=\"col-inner dark\" style=\"background-color:rgb(242, 145, 0);\" >\n\t\t\t\n\t\t\t\n\n<h2>Previous Conferences materials<\/h2>\n\t<div id=\"gap-1200240801\" class=\"gap-element clearfix\" style=\"display:block; height:auto;\">\n\t\t\n<style>\n#gap-1200240801 {\n  padding-top: 10%;\n}\n<\/style>\n\t<\/div>\n\t\n\n\t<div class=\"ux-menu stack stack-col justify-start ux-menu--divider-solid\">\n\t\t\n\n\t<div class=\"ux-menu-link flex menu-item menuflecha\">\n\t\t<a class=\"ux-menu-link__link flex\" href=\"https:\/\/seminario.clayss.org\/2024\/en\/\" target=\"_blank\" rel=\"noopener\">\n\t\t\t<i class=\"ux-menu-link__icon text-center icon-angle-right\" aria-hidden=\"true\"><\/i>\t\t\t<span class=\"ux-menu-link__text\">\n\t\t\t\tInternational Service-Learning Conference\t\t\t<\/span>\n\t\t<\/a>\n\t<\/div>\n\t\n\n\t<div class=\"ux-menu-link flex menu-item menuflecha\">\n\t\t<a class=\"ux-menu-link__link flex\" href=\"https:\/\/www.clayss.org\/en\/previous-conferences-materials\/\" >\n\t\t\t<i class=\"ux-menu-link__icon text-center icon-angle-right\" aria-hidden=\"true\"><\/i>\t\t\t<span class=\"ux-menu-link__text\">\n\t\t\t\tPrevious Conferences Materials\t\t\t<\/span>\n\t\t<\/a>\n\t<\/div>\n\t\n\n\t<div class=\"ux-menu-link flex menu-item menuflecha\">\n\t\t<a class=\"ux-menu-link__link flex\" href=\"https:\/\/www.clayss.org\/archivos-del-ministerio-de-educacion\/\" target=\"_blank\" rel=\"noopener\">\n\t\t\t<i class=\"ux-menu-link__icon text-center icon-angle-right\" aria-hidden=\"true\"><\/i>\t\t\t<span class=\"ux-menu-link__text\">\n\t\t\t\tProceedings of past International Service-Learning Conferences\t\t\t<\/span>\n\t\t<\/a>\n\t<\/div>\n\t\n\n\n\t<\/div>\n\t\n\n\t\t<\/div>\n\t\t\t\t\n<style>\n#col-510720509 > .col-inner {\n  padding: 30px 30px 30px 30px;\n  margin: 0px 0px 0px 0px;\n}\n<\/style>\n\t<\/div>\n\n\t\n\n\n<style>\n#row-244703347 > .col > .col-inner {\n  background-color: rgb(248, 177, 51);\n}\n<\/style>\n<\/div>\n\t\t<\/div>\n\t\t\t\t\t<\/div>\n\n\t\n<\/div>\n<div class=\"row align-equal\"  id=\"row-587081314\">\n\n\t<div id=\"col-1439086321\" class=\"col small-12 large-12\"  >\n\t\t\t\t<div class=\"col-inner\"  >\n\t\t\t\n\t\t\t\n<span class=\"scroll-to\" data-label=\"Scroll to: #publicaciones-academicas\" data-bullet=\"false\" data-link=\"#publicaciones-academicas\" data-title=\"Publicaciones academicas\"><a name=\"publicaciones-academicas\"><\/a><\/span>\n\t<div id=\"text-2655965188\" class=\"text titulo\">\n\t\t\n<p style=\"margin: 0;\"><span style=\"font-family: 'Montserrat'; margin: 0;\">18th International Service-Learning Conference<\/span><\/p>\n\t\t\n<style>\n#text-2655965188 {\n  font-size: 1.5rem;\n  line-height: 1.25;\n  text-align: center;\n  color: #bd1622;\n}\n#text-2655965188 > * {\n  color: #bd1622;\n}\n@media (min-width:550px) {\n  #text-2655965188 {\n    font-size: 1.95rem;\n  }\n}\n<\/style>\n\t<\/div>\n\t\n<div class=\"is-divider divider clearfix\" style=\"margin-top:0px;margin-bottom:0px;max-width:100%;background-color:rgb(167, 51, 54);\"><\/div>\n\t<div id=\"gap-642074319\" class=\"gap-element clearfix\" style=\"display:block; height:auto;\">\n\t\t\n<style>\n#gap-642074319 {\n  padding-top: 30px;\n}\n<\/style>\n\t<\/div>\n\t\n<div class=\"row\"  id=\"row-1829053639\">\n\n\t<div id=\"col-779446789\" class=\"col medium-6 small-12 large-6\"  >\n\t\t\t\t<div class=\"col-inner\"  >\n\t\t\t\n\t\t\t\n<div class=\"pricing-table-wrapper\">\n  <div class=\"pricing-table ux_price_table text-center box-shadow-3-hover\">\n    <div class=\"pricing-table-header\">\n      <div class=\"title uppercase strong\">AGENDA<\/div>\n      <div class=\"price is-xxlarge\">2015<\/div>\n              <div class=\"description is-small\">\n          Agenda completa del 18\u00b0 Seminario        <\/div>\n          <\/div>\n    <div class=\"pricing-table-items items\">\n      \n    <\/div>\n      <\/div>\n<\/div>\n\n\n<div class=\"pricing-table-wrapper\">\n  <div class=\"pricing-table ux_price_table text-center box-shadow-3-hover\">\n    <div class=\"pricing-table-header\">\n      <div class=\"title uppercase strong\">JUEVES<\/div>\n      <div class=\"price is-xxlarge\">27 de Agosto<\/div>\n          <\/div>\n    <div class=\"pricing-table-items items\">\n      \n<div class=\"bullet-item\" title=\"\"><span class=\"text\">PLENARIO: Palabras de bienvenida:<\/span><\/div>\n<a href=\"https:\/\/www.clayss.org.ar\/seminario\/anteriores\/18_sem_materiales_15\/270900_AH.pdf\" target=\"_blank\" class=\"button alert is-link is-small lowercase\" rel=\"noopener\" >\n\t\t<span>Dra. Ing. Agr. Mar\u00eda Alejandra Herrero, Presidenta, CLAYSS.<\/span>\n\t<\/a>\n\n<div class=\"bullet-item\" title=\"\"><span class=\"text\">PLENARIO: Aprendizaje y servicio solidario<\/span><\/div>\n<a href=\"https:\/\/www.clayss.org.ar\/seminario\/anteriores\/18_sem_materiales_15\/271000_NT.pdf\" target=\"_blank\" class=\"button alert is-link is-small lowercase\" rel=\"noopener\" >\n\t\t<span>Prof. Mar\u00eda Nieves Tapia, Directora, CLAYSS.<\/span>\n\t<\/a>\n\n<a href=\"https:\/\/www.youtube.com\/watch?v=ooNrSMuqkOg&#038;list=PLOHLq86FFE86xbrwJfQDR4eoK_hHgLJBD\" target=\"_blank\" class=\"button alert is-link is-small lowercase\" rel=\"noopener\" >\n\t\t<span>video<\/span>\n\t<\/a>\n\n<div class=\"bullet-item\" title=\"\"><span class=\"text\">PLENARIO: 15 a\u00f1os del \u201cPremio Presidencial\u201d: testimonios de sus protagonistas.<\/span><\/div>\n<a href=\"https:\/\/www.clayss.org.ar\/seminario\/anteriores\/18_sem_materiales_15\/271130_Merin.pdf\" target=\"_blank\" class=\"button alert is-link is-small lowercase\" rel=\"noopener\" >\n\t\t<span>Prof. Roberto Astorga, Escuela Provincial de Educaci\u00f3n T\u00e9cnica N\u00b0 4124 Reynaldo Mer\u00edn, San Rafael, Mendoza;<\/span>\n\t<\/a>\n\n<a href=\"https:\/\/www.clayss.org.ar\/seminario\/anteriores\/18_sem_materiales_15\/271130_Nehuen.pdf\" target=\"_blank\" class=\"button alert is-link is-small lowercase\" rel=\"noopener\" >\n\t\t<span>Prof. Azucena Riechert, Escuelas de gesti\u00f3n social de la Fundaci\u00f3n Gente Nueva, San Carlos de Bariloche, R\u00edo Negro.<\/span>\n\t<\/a>\n\n<a href=\"https:\/\/www.clayss.org.ar\/seminario\/anteriores\/18_sem_materiales_15\/271130_Abel.pdf\" target=\"_blank\" class=\"button alert is-link is-small lowercase\" rel=\"noopener\" >\n\t\t<span><\/span>\n\t<\/a>\n\n<a href=\"https:\/\/www.clayss.org.ar\/seminario\/anteriores\/18_sem_materiales_15\/271130_UNT.pdf\" target=\"_blank\" class=\"button alert is-link is-small lowercase\" rel=\"noopener\" >\n\t\t<span>Dra. Hebe Rojo, Facultad de Medicina, Universidad Tucum\u00e1n.<\/span>\n\t<\/a>\n\n<div class=\"bullet-item\" title=\"\"><span class=\"text\">SESIONES SIMULT\u00c1NEAS<\/span><\/div>\n<div class=\"bullet-item\" title=\"\"><span class=\"text\">TALLER: C\u00f3mo iniciar un proyecto de aprendizaje-servicio solidario en la escuela (Inicial, Primaria y Secundaria) y la Educaci\u00f3n Superior.<\/span><\/div>\n<a href=\"https:\/\/www.clayss.org.ar\/seminario\/anteriores\/18_sem_materiales_15\/271430_T01.pdf\" target=\"_blank\" class=\"button alert is-link is-small lowercase\" rel=\"noopener\" >\n\t\t<span>Exposici\u00f3n inicial y coordinaci\u00f3n: Lic. Lorena Yaber (CLAYSS) y Lic. Sebasti\u00e1n Puglisi (Universidad Nacional de Mar del Plata-CLAYSS).<\/span>\n\t<\/a>\n\n<div class=\"bullet-item\" title=\"\"><span class=\"text\">PANEL: Institucionalizaci\u00f3n del aprendizaje-servicio solidario en la escuela secundaria:<\/span><\/div>\n<a href=\"https:\/\/www.clayss.org.ar\/seminario\/anteriores\/18_sem_materiales_15\/271430_T03_Trancas.pdf\" target=\"_blank\" class=\"button alert is-link is-small lowercase\" rel=\"noopener\" >\n\t\t<span>Prof. Juan Jos\u00e9 Carranzo, Escuela Media de Trancas, Tucum\u00e1n.<\/span>\n\t<\/a>\n\n<a href=\"https:\/\/www.clayss.org.ar\/seminario\/anteriores\/18_sem_materiales_15\/271430_T03_Colombo.pdf\" target=\"_blank\" class=\"button alert is-link is-small lowercase\" rel=\"noopener\" >\n\t\t<span>Lic. Nora Colombo, Colegio San Andr\u00e9s, Pcia. Buenos Aires.<\/span>\n\t<\/a>\n\n<a href=\"https:\/\/www.clayss.org.ar\/seminario\/anteriores\/18_sem_materiales_15\/271430_T03_Aichino.pdf\" target=\"_blank\" class=\"button alert is-link is-small lowercase\" rel=\"noopener\" >\n\t\t<span><\/span>\n\t<\/a>\n\n<a href=\"https:\/\/www.clayss.org.ar\/seminario\/anteriores\/18_sem_materiales_15\/271430_T03_L%C3%B3pez.pdf\" target=\"_blank\" class=\"button alert is-link is-small lowercase\" rel=\"noopener\" >\n\t\t<span>Mtra. Leticia Ivonne L\u00f3pez, Universidad de Monterrey, M\u00e9xico.<\/span>\n\t<\/a>\n\n<div class=\"bullet-item\" title=\"\"><span class=\"text\">Presentaci\u00f3n de publicaciones recientes<\/span><\/div>\n<div class=\"bullet-item\" title=\"\"><span class=\"text\">RIDAS, Revista Iberoamericana de Aprendizaje-Servicio. Solidaridad, Ciudadan\u00eda y Educaci\u00f3n.<\/span><\/div>\n<a href=\"https:\/\/www.clayss.org.ar\/seminario\/anteriores\/18_sem_materiales_15\/271700_RIDAS.pdf\" target=\"_blank\" class=\"button alert is-link is-small lowercase\" rel=\"noopener\" >\n\t\t<span>Dra. Anna Escofet, Decana de la Facultad de Pedagog\u00eda de la Universidad de Barcelona.<\/span>\n\t<\/a>\n\n<div class=\"bullet-item\" title=\"\"><span class=\"text\">El compromiso social como pedagog\u00eda. Aprendizaje y solidaridad en la escuela.<\/span><\/div>\n<a href=\"https:\/\/www.clayss.org.ar\/seminario\/anteriores\/18_sem_materiales_15\/271700_CELAM.pdf\" target=\"_blank\" class=\"button alert is-link is-small lowercase\" rel=\"noopener\" >\n\t\t<span>Presentan en nombre de los autores: Lic. Gerardo Bridi, Prof. Nieves Tapia.<\/span>\n\t<\/a>\n\n<a href=\"https:\/\/www.clayss.org.ar\/seminario\/anteriores\/18_sem_materiales_15\/271700_Herrero.pdf\" target=\"_blank\" class=\"button alert is-link is-small lowercase\" rel=\"noopener\" >\n\t\t<span>Modera: Dra. Ing. Agr. Mar\u00eda Alejandra Herrero, Presidenta, CLAYSS<\/span>\n\t<\/a>\n\n    <\/div>\n      <\/div>\n<\/div>\n\n\n\t\t<\/div>\n\t\t\t\t\t<\/div>\n\n\t\n\n\t<div id=\"col-238762712\" class=\"col medium-6 small-12 large-6\"  >\n\t\t\t\t<div class=\"col-inner\"  >\n\t\t\t\n\t\t\t\n<div class=\"pricing-table-wrapper\">\n  <div class=\"pricing-table ux_price_table text-center box-shadow-3-hover\">\n    <div class=\"pricing-table-header\">\n      <div class=\"title uppercase strong\">VIERNES<\/div>\n      <div class=\"price is-xxlarge\">28 de Agosto<\/div>\n          <\/div>\n    <div class=\"pricing-table-items items\">\n      \n<div class=\"bullet-item\" title=\"\"><span class=\"text\">PLENARIO: Aprendizaje-servicio y excelencia acad\u00e9mica.<\/span><\/div>\n<a href=\"https:\/\/www.clayss.org.ar\/seminario\/anteriores\/18_sem_materiales_15\/280900_Lortan.pdf\" target=\"_blank\" class=\"button alert is-link is-small lowercase\" rel=\"noopener\" >\n\t\t<span>Prof. Darren Brendan Lortan, Ph. D., Coordinador de SAHECEF, Foro de Compromiso Comunitario de la Educaci\u00f3n Superior, Sud\u00e1frica.<\/span>\n\t<\/a>\n\n<a href=\"https:\/\/www.clayss.org.ar\/seminario\/anteriores\/18_sem_materiales_15\/280900_Ierullo.pdf\" target=\"_blank\" class=\"button alert is-link is-small lowercase\" rel=\"noopener\" >\n\t\t<span>Mgr. Mart\u00edn Ierullo, CLAYSS.<\/span>\n\t<\/a>\n\n<a href=\"https:\/\/www.youtube.com\/watch?v=zt5YqrJl7cs\" target=\"_blank\" class=\"button alert is-link is-small lowercase\" rel=\"noopener\" >\n\t\t<span>Prof. Jos\u00e9 Mar\u00eda Del Corral, Director Red Scholas.<\/span>\n\t<\/a>\n\n<div class=\"bullet-item\" title=\"\"><span class=\"text\">PLENARIO: Aprendizaje-servicio e inclusi\u00f3n educativa.<\/span><\/div>\n<a href=\"https:\/\/www.clayss.org.ar\/seminario\/anteriores\/18_sem_materiales_15\/281015_Fiorin.pdf\" target=\"_blank\" class=\"button alert is-link is-small lowercase\" rel=\"noopener\" >\n\t\t<span>Prof. Italo Fiorin, Director EIS, Universidad LUMSA, Roma.<\/span>\n\t<\/a>\n\n<div class=\"bullet-item\" title=\"\"><span class=\"text\">PLENARIO: Narrativa y comunicaci\u00f3n de las experiencias de aprendizajeservicio solidario.<\/span><\/div>\n<a target=\"_blank\" class=\"button alert is-link is-small lowercase\" rel=\"noopener\" >\n\t\t<span>Lic. Micaela Urd\u00ednez, Fundaci\u00f3n La Naci\u00f3n<\/span>\n\t<\/a>\n\n<a href=\"https:\/\/www.youtube.com\/watch?v=CYkezmc7HE4\" target=\"_blank\" class=\"button alert is-link is-small lowercase\" rel=\"noopener\" >\n\t\t<span>video<\/span>\n\t<\/a>\n\n<a href=\"https:\/\/www.clayss.org.ar\/seminario\/anteriores\/18_sem_materiales_15\/281130_Maggio.pdf\" target=\"_blank\" class=\"button alert is-link is-small lowercase\" rel=\"noopener\" >\n\t\t<span>Dra. Mariana Maggio, Directora de la Maestr\u00eda en Tecnolog\u00eda Educativa (UBA).<\/span>\n\t<\/a>\n\n<a href=\"https:\/\/www.youtube.com\/watch?v=Aeqmb0HKp0E\" target=\"_blank\" class=\"button alert is-link is-small lowercase\" rel=\"noopener\" >\n\t\t<span>video<\/span>\n\t<\/a>\n\n<a href=\"https:\/\/www.clayss.org.ar\/seminario\/anteriores\/18_sem_materiales_15\/281130_Mares.pdf\" target=\"_blank\" class=\"button alert is-link is-small lowercase\" rel=\"noopener\" >\n\t\t<span>Lic. Laura Mar\u00e9s, Secretaria ejecutiva de RELPE (Red Latinoamericana de Portales Educativos).<\/span>\n\t<\/a>\n\n<div class=\"bullet-item\" title=\"\"><span class=\"text\">SESIONES SIMULT\u00c1NEAS PARA ESCUELAS, UNIVERSIDADES Y ORGANIZACIONES<\/span><\/div>\n<div class=\"bullet-item\" title=\"\"><span class=\"text\">PANEL: Aprendizaje-servicio y formaci\u00f3n docente.<\/span><\/div>\n<a href=\"https:\/\/www.clayss.org.ar\/seminario\/anteriores\/18_sem_materiales_15\/281400_T08_Dintrans.pdf\" target=\"_blank\" class=\"button alert is-link is-small lowercase\" rel=\"noopener\" >\n\t\t<span>Lic. Patricia Dintrans, Universidad Silva Henr\u00edquez, Chile.<\/span>\n\t<\/a>\n\n<a href=\"https:\/\/www.clayss.org.ar\/seminario\/anteriores\/18_sem_materiales_15\/281400_T08_Rubio.pdf\" target=\"_blank\" class=\"button alert is-link is-small lowercase\" rel=\"noopener\" >\n\t\t<span>Lic. Laura Rubio, Facultad de Pedagog\u00eda, Universidad de Barcelona.<\/span>\n\t<\/a>\n\n<a href=\"https:\/\/www.clayss.org.ar\/seminario\/anteriores\/18_sem_materiales_15\/281400_T08_ISEF11.pdf\" target=\"_blank\" class=\"button alert is-link is-small lowercase\" rel=\"noopener\" >\n\t\t<span>Prof Enzo Salinas, Instituto Superior de Educaci\u00f3n F\u00edsica N\u00ba 11, Rosario.<\/span>\n\t<\/a>\n\n<div class=\"bullet-item\" title=\"\"><span class=\"text\">PANEL: Aprendizaje-servicio y huertas escolares, familiares y comunitarias:<\/span><\/div>\n<a href=\"https:\/\/www.clayss.org.ar\/seminario\/anteriores\/18_sem_materiales_15\/281400_T09_Arruda.pdf\" target=\"_blank\" class=\"button alert is-link is-small lowercase\" rel=\"noopener\" >\n\t\t<span>Prof. Mar\u00eda Carolina Vodanovich y Prof. Mar\u00eda Beatriz Arruda, Escuela de Educaci\u00f3n Secundaria N\u00b06 \u201cJos\u00e9 Manuel Estrada\u201d, Gobernador Ugarte, Pcia. de Buenos Aires.<\/span>\n\t<\/a>\n\n<a href=\"https:\/\/www.clayss.org.ar\/seminario\/anteriores\/18_sem_materiales_15\/281400_T09_Martyniuk.pdf\" target=\"_blank\" class=\"button alert is-link is-small lowercase\" rel=\"noopener\" >\n\t\t<span>Prof. Mar\u00eda Martyniuk, Escuela N\u00b0 181 \u201cFray Justo Mar\u00eda de Oro\u201d, San Jos\u00e9, Misiones.<\/span>\n\t<\/a>\n\n<div class=\"bullet-item\" title=\"\"><span class=\"text\">PANEL: Ciencias, tecnolog\u00eda y aprendizaje-servicio.<\/span><\/div>\n<a href=\"https:\/\/www.clayss.org.ar\/seminario\/anteriores\/18_sem_materiales_15\/281400_T10_Lavados.pdf\" target=\"_blank\" class=\"button alert is-link is-small lowercase\" rel=\"noopener\" >\n\t\t<span>Prof. Roberto Lavados, EPET 4, Jun\u00edn de los Andes.<\/span>\n\t<\/a>\n\n<a href=\"https:\/\/www.clayss.org.ar\/seminario\/anteriores\/18_sem_materiales_15\/281400_T10_Cardenes.pdf\" target=\"_blank\" class=\"button alert is-link is-small lowercase\" rel=\"noopener\" >\n\t\t<span>Prof. Pedro Celestino C\u00e1rdenas, Escuela de Educaci\u00f3n T\u00e9cnica N\u00b0 1, La Quiaca, Jujuy.<\/span>\n\t<\/a>\n\n<a href=\"https:\/\/www.clayss.org.ar\/seminario\/anteriores\/18_sem_materiales_15\/281400_T10_Fraccaro.pdf\" target=\"_blank\" class=\"button alert is-link is-small lowercase\" rel=\"noopener\" >\n\t\t<span>Prof. Miriam Fraccaro, Escuela Secundaria N\u00ba 4-055 \u201cPresb\u00edtero Constantino Spagnolo\u201d, Jun\u00edn, Provincia de Mendoza. (a confirmar).<\/span>\n\t<\/a>\n\n<a href=\"https:\/\/www.clayss.org.ar\/seminario\/anteriores\/18_sem_materiales_15\/281400_T10_Lagos.pdf\" target=\"_blank\" class=\"button alert is-link is-small lowercase\" rel=\"noopener\" >\n\t\t<span>Dra. Karin Lagos Bosman, Facultad de Odontolog\u00eda, Universidad de Chile.<\/span>\n\t<\/a>\n\n<div class=\"bullet-item\" title=\"\"><span class=\"text\">TALLER: \u00bfC\u00f3mo presentar nuestra experiencia de aprendizaje-servicio a los medios? Coordina: DIyS Pablo Buj\u00e1n, CLAYSS<\/span><\/div>\n<a href=\"https:\/\/www.clayss.org.ar\/seminario\/anteriores\/18_sem_materiales_15\/281400_T12_SeijasBujan.pdf\" target=\"_blank\" class=\"button alert is-link is-small lowercase\" rel=\"noopener\" >\n\t\t<span>Presentaci\u00f3n introductoria: Lic. Silvina Seijas, Prensa y Comunicaci\u00f3n, Ministerio de Educaci\u00f3n.<\/span>\n\t<\/a>\n\n<div class=\"bullet-item\" title=\"\"><span class=\"text\">PLENARIO: Desaf\u00edos hacia adelante.<\/span><\/div>\n<a href=\"http:\/\/es.slideshare.net\/rbatlle\/nuevos-desafos-para-el-aprendizajeservicio\" target=\"_blank\" class=\"button alert is-link is-small lowercase\" rel=\"noopener\" >\n\t\t<span>Lic. Roser Batlle, Red espa\u00f1ola de aprendizaje-servicio.<\/span>\n\t<\/a>\n\n<a href=\"http:\/\/www.telecinco.es\/_5d78e935\" target=\"_blank\" class=\"button alert is-link is-small lowercase\" rel=\"noopener\" >\n\t\t<span>video<\/span>\n\t<\/a>\n\n    <\/div>\n      <\/div>\n<\/div>\n\n\n\t\t<\/div>\n\t\t\t\t\t<\/div>\n\n\t\n<\/div>\n<div class=\"video video-fit mb\" style=\"padding-top:56.25%;\"><p><iframe loading=\"lazy\" title=\"Nieves Tapia - Aprendizaje y Servicio Solidario (Parte I)\" width=\"1020\" height=\"574\" src=\"https:\/\/www.youtube.com\/embed\/ooNrSMuqkOg?feature=oembed\" frameborder=\"0\" allow=\"accelerometer; autoplay; clipboard-write; encrypted-media; gyroscope; picture-in-picture; web-share\" referrerpolicy=\"strict-origin-when-cross-origin\" allowfullscreen><\/iframe><\/p>\n<\/div>\n\t\t<\/div>\n\t\t\t\t\n<style>\n#col-1439086321 > .col-inner {\n  padding: 60px 0px 0px 0px;\n}\n<\/style>\n\t<\/div>\n\n\t\n<\/div>\n","protected":false},"excerpt":{"rendered":"","protected":false},"author":4,"featured_media":0,"parent":0,"menu_order":0,"comment_status":"closed","ping_status":"closed","template":"page-blank.php","meta":{"_monsterinsights_skip_tracking":false,"_monsterinsights_sitenote_active":false,"_monsterinsights_sitenote_note":"","_monsterinsights_sitenote_category":0,"iawp_total_views":2,"footnotes":""},"class_list":["post-5080","page","type-page","status-publish","hentry"],"yoast_head":"<!-- This site is optimized with the Yoast SEO plugin v27.4 - https:\/\/yoast.com\/product\/yoast-seo-wordpress\/ -->\n<title>materials 18th - CLAYSS<\/title>\n<meta name=\"robots\" content=\"index, follow, max-snippet:-1, max-image-preview:large, max-video-preview:-1\" \/>\n<link rel=\"canonical\" href=\"https:\/\/www.clayss.org\/en\/materials-18th\/\" \/>\n<meta property=\"og:locale\" content=\"en_US\" \/>\n<meta property=\"og:type\" content=\"article\" \/>\n<meta property=\"og:title\" content=\"materials 18th - CLAYSS\" \/>\n<meta property=\"og:url\" content=\"https:\/\/www.clayss.org\/en\/materials-18th\/\" \/>\n<meta property=\"og:site_name\" content=\"CLAYSS\" \/>\n<meta property=\"article:modified_time\" content=\"2024-07-25T05:53:36+00:00\" \/>\n<meta name=\"twitter:card\" content=\"summary_large_image\" \/>\n<meta name=\"twitter:label1\" content=\"Est. reading time\" \/>\n\t<meta name=\"twitter:data1\" content=\"4 minutes\" \/>\n<script type=\"application\/ld+json\" class=\"yoast-schema-graph\">{\"@context\":\"https:\\\/\\\/schema.org\",\"@graph\":[{\"@type\":\"WebPage\",\"@id\":\"https:\\\/\\\/www.clayss.org\\\/en\\\/materials-18th\\\/\",\"url\":\"https:\\\/\\\/www.clayss.org\\\/en\\\/materials-18th\\\/\",\"name\":\"materials 18th - CLAYSS\",\"isPartOf\":{\"@id\":\"https:\\\/\\\/www.clayss.org\\\/#website\"},\"datePublished\":\"2024-07-05T19:48:21+00:00\",\"dateModified\":\"2024-07-25T05:53:36+00:00\",\"breadcrumb\":{\"@id\":\"https:\\\/\\\/www.clayss.org\\\/en\\\/materials-18th\\\/#breadcrumb\"},\"inLanguage\":\"en-US\",\"potentialAction\":[{\"@type\":\"ReadAction\",\"target\":[\"https:\\\/\\\/www.clayss.org\\\/en\\\/materials-18th\\\/\"]}]},{\"@type\":\"BreadcrumbList\",\"@id\":\"https:\\\/\\\/www.clayss.org\\\/en\\\/materials-18th\\\/#breadcrumb\",\"itemListElement\":[{\"@type\":\"ListItem\",\"position\":1,\"name\":\"Portada\",\"item\":\"https:\\\/\\\/www.clayss.org\\\/en\\\/\"},{\"@type\":\"ListItem\",\"position\":2,\"name\":\"materials 18th\"}]},{\"@type\":\"WebSite\",\"@id\":\"https:\\\/\\\/www.clayss.org\\\/#website\",\"url\":\"https:\\\/\\\/www.clayss.org\\\/\",\"name\":\"CLAYSS\",\"description\":\"\",\"potentialAction\":[{\"@type\":\"SearchAction\",\"target\":{\"@type\":\"EntryPoint\",\"urlTemplate\":\"https:\\\/\\\/www.clayss.org\\\/?s={search_term_string}\"},\"query-input\":{\"@type\":\"PropertyValueSpecification\",\"valueRequired\":true,\"valueName\":\"search_term_string\"}}],\"inLanguage\":\"en-US\"}]}<\/script>\n<!-- \/ Yoast SEO plugin. -->","yoast_head_json":{"title":"materials 18th - CLAYSS","robots":{"index":"index","follow":"follow","max-snippet":"max-snippet:-1","max-image-preview":"max-image-preview:large","max-video-preview":"max-video-preview:-1"},"canonical":"https:\/\/www.clayss.org\/en\/materials-18th\/","og_locale":"en_US","og_type":"article","og_title":"materials 18th - CLAYSS","og_url":"https:\/\/www.clayss.org\/en\/materials-18th\/","og_site_name":"CLAYSS","article_modified_time":"2024-07-25T05:53:36+00:00","twitter_card":"summary_large_image","twitter_misc":{"Est. reading time":"4 minutes"},"schema":{"@context":"https:\/\/schema.org","@graph":[{"@type":"WebPage","@id":"https:\/\/www.clayss.org\/en\/materials-18th\/","url":"https:\/\/www.clayss.org\/en\/materials-18th\/","name":"materials 18th - CLAYSS","isPartOf":{"@id":"https:\/\/www.clayss.org\/#website"},"datePublished":"2024-07-05T19:48:21+00:00","dateModified":"2024-07-25T05:53:36+00:00","breadcrumb":{"@id":"https:\/\/www.clayss.org\/en\/materials-18th\/#breadcrumb"},"inLanguage":"en-US","potentialAction":[{"@type":"ReadAction","target":["https:\/\/www.clayss.org\/en\/materials-18th\/"]}]},{"@type":"BreadcrumbList","@id":"https:\/\/www.clayss.org\/en\/materials-18th\/#breadcrumb","itemListElement":[{"@type":"ListItem","position":1,"name":"Portada","item":"https:\/\/www.clayss.org\/en\/"},{"@type":"ListItem","position":2,"name":"materials 18th"}]},{"@type":"WebSite","@id":"https:\/\/www.clayss.org\/#website","url":"https:\/\/www.clayss.org\/","name":"CLAYSS","description":"","potentialAction":[{"@type":"SearchAction","target":{"@type":"EntryPoint","urlTemplate":"https:\/\/www.clayss.org\/?s={search_term_string}"},"query-input":{"@type":"PropertyValueSpecification","valueRequired":true,"valueName":"search_term_string"}}],"inLanguage":"en-US"}]}},"_links":{"self":[{"href":"https:\/\/www.clayss.org\/en\/wp-json\/wp\/v2\/pages\/5080","targetHints":{"allow":["GET"]}}],"collection":[{"href":"https:\/\/www.clayss.org\/en\/wp-json\/wp\/v2\/pages"}],"about":[{"href":"https:\/\/www.clayss.org\/en\/wp-json\/wp\/v2\/types\/page"}],"author":[{"embeddable":true,"href":"https:\/\/www.clayss.org\/en\/wp-json\/wp\/v2\/users\/4"}],"replies":[{"embeddable":true,"href":"https:\/\/www.clayss.org\/en\/wp-json\/wp\/v2\/comments?post=5080"}],"version-history":[{"count":2,"href":"https:\/\/www.clayss.org\/en\/wp-json\/wp\/v2\/pages\/5080\/revisions"}],"predecessor-version":[{"id":5083,"href":"https:\/\/www.clayss.org\/en\/wp-json\/wp\/v2\/pages\/5080\/revisions\/5083"}],"wp:attachment":[{"href":"https:\/\/www.clayss.org\/en\/wp-json\/wp\/v2\/media?parent=5080"}],"curies":[{"name":"wp","href":"https:\/\/api.w.org\/{rel}","templated":true}]}}