{"id":2152,"date":"2023-08-16T11:42:27","date_gmt":"2023-08-16T14:42:27","guid":{"rendered":"https:\/\/www.clayss.org\/?page_id=2152"},"modified":"2025-07-24T14:32:03","modified_gmt":"2025-07-24T17:32:03","slug":"organigrama","status":"publish","type":"page","link":"https:\/\/www.clayss.org\/en\/organigrama\/","title":{"rendered":"organigrama"},"content":{"rendered":"<div class=\"row row-collapse row-full-width align-equal\"  id=\"row-751906243\">\n\n\t<div id=\"col-1613418138\" class=\"col medium-8 small-12 large-8\"  >\n\t\t\t\t<div class=\"col-inner\"  >\n\t\t\t\n\t\t\t\n\n  <div class=\"banner has-hover\" id=\"banner-1756828867\">\n          <div class=\"banner-inner fill\">\n        <div class=\"banner-bg fill\" >\n            <img loading=\"lazy\" decoding=\"async\" width=\"1020\" height=\"401\" src=\"https:\/\/www.clayss.org\/wp-content\/uploads\/2023\/08\/NOSOTROS_CLYASS-1024x403.jpg\" class=\"bg attachment-large size-large\" alt=\"\" \/>                                    \n                    <\/div>\n\t\t\n        <div class=\"banner-layers container\">\n            <div class=\"fill banner-link\"><\/div>            \n        <\/div>\n      <\/div>\n\n            \n<style>\n#banner-1756828867 {\n  padding-top: 65%;\n}\n@media (min-width:550px) {\n  #banner-1756828867 {\n    padding-top: 500px;\n  }\n}\n<\/style>\n  <\/div>\n\n\n\t\t<\/div>\n\t\t\t\t\t<\/div>\n\n\t\n\n\t<div id=\"col-459462966\" class=\"col medium-4 small-12 large-4\"  >\n\t\t\t\t<div class=\"col-inner\"  >\n\t\t\t\n\t\t\t\n\n<div class=\"row row-collapse row-full-width align-equal\"  id=\"row-877225639\">\n\n\n\t<div id=\"col-1239035562\" class=\"col small-12 large-12\"  >\n\t\t\t\t<div class=\"col-inner dark\" style=\"background-color:rgb(189, 22, 34);\" >\n\t\t\t\n\t\t\t\n\n<h2>About-us<\/h2>\n\t<div id=\"gap-1849883463\" class=\"gap-element clearfix\" style=\"display:block; height:auto;\">\n\t\t\n<style>\n#gap-1849883463 {\n  padding-top: 10%;\n}\n<\/style>\n\t<\/div>\n\t\n\n\t<div class=\"ux-menu stack stack-col justify-start ux-menu--divider-solid\">\n\t\t\n\n\t<div class=\"ux-menu-link flex menu-item menuflecha\">\n\t\t<a class=\"ux-menu-link__link flex\" href=\"https:\/\/www.clayss.org\/en\/about-us\/#mision\" >\n\t\t\t<i class=\"ux-menu-link__icon text-center icon-angle-right\" aria-hidden=\"true\"><\/i>\t\t\t<span class=\"ux-menu-link__text\">\n\t\t\t\tMission\t\t\t<\/span>\n\t\t<\/a>\n\t<\/div>\n\t\n\n\t<div class=\"ux-menu-link flex menu-item menuflecha\">\n\t\t<a class=\"ux-menu-link__link flex\" href=\"https:\/\/www.clayss.org\/en\/about-us\/#vision\" >\n\t\t\t<i class=\"ux-menu-link__icon text-center icon-angle-right\" aria-hidden=\"true\"><\/i>\t\t\t<span class=\"ux-menu-link__text\">\n\t\t\t\tVision\t\t\t<\/span>\n\t\t<\/a>\n\t<\/div>\n\t\n\n\t<div class=\"ux-menu-link flex menu-item menuflecha\">\n\t\t<a class=\"ux-menu-link__link flex\" href=\"https:\/\/www.clayss.org\/en\/about-us\/#objetivos\" >\n\t\t\t<i class=\"ux-menu-link__icon text-center icon-angle-right\" aria-hidden=\"true\"><\/i>\t\t\t<span class=\"ux-menu-link__text\">\n\t\t\t\tGoals\t\t\t<\/span>\n\t\t<\/a>\n\t<\/div>\n\t\n\n\t<div class=\"ux-menu-link flex menu-item menuflecha\">\n\t\t<a class=\"ux-menu-link__link flex\" href=\"https:\/\/www.clayss.org\/en\/about-us\/#lineas-de-trabajo\" >\n\t\t\t<i class=\"ux-menu-link__icon text-center icon-angle-right\" aria-hidden=\"true\"><\/i>\t\t\t<span class=\"ux-menu-link__text\">\n\t\t\t\tMain work lines\t\t\t<\/span>\n\t\t<\/a>\n\t<\/div>\n\t\n\n\t<div class=\"ux-menu-link flex menu-item menuflecha\">\n\t\t<a class=\"ux-menu-link__link flex\" href=\"https:\/\/www.clayss.org\/en\/about-us\/#equipo\" >\n\t\t\t<i class=\"ux-menu-link__icon text-center icon-angle-right\" aria-hidden=\"true\"><\/i>\t\t\t<span class=\"ux-menu-link__text\">\n\t\t\t\tTeam\t\t\t<\/span>\n\t\t<\/a>\n\t<\/div>\n\t\n\n\n\t<\/div>\n\t\n\n\t\t<\/div>\n\t\t\t\t\n<style>\n#col-1239035562 > .col-inner {\n  padding: 30px 30px 30px 30px;\n}\n<\/style>\n\t<\/div>\n\n\t\n\n\n<style>\n#row-877225639 > .col > .col-inner {\n  background-color: rgb(232, 78, 27);\n}\n<\/style>\n<\/div>\n\t\t<\/div>\n\t\t\t\t\t<\/div>\n\n\t\n\n<style>\n#row-751906243 > .col > .col-inner {\n  background-color: rgb(189, 22, 34);\n}\n<\/style>\n<\/div>\n<div class=\"row\"  id=\"row-1868437560\">\n\n\t<div id=\"col-2050928612\" class=\"col small-12 large-12\"  >\n\t\t\t\t<div class=\"col-inner\"  >\n\t\t\t\n\t\t\t\n\t<div id=\"text-2432395126\" class=\"text titulo\">\n\t\t\n<p class=\"title\">Equipo CLAYSS<\/p>\n\t\t\n<style>\n#text-2432395126 {\n  font-size: 1.5rem;\n  line-height: 1.25;\n  text-align: center;\n  color: #bd1622;\n}\n#text-2432395126 > * {\n  color: #bd1622;\n}\n@media (min-width:550px) {\n  #text-2432395126 {\n    font-size: 1.95rem;\n  }\n}\n<\/style>\n\t<\/div>\n\t\n<div class=\"is-divider divider clearfix\" style=\"margin-top:0px;margin-bottom:0px;max-width:100%;background-color:rgb(167, 51, 54);\"><\/div>\n\t\t<\/div>\n\t\t\t\t\t<\/div>\n\n\t\n\n<style>\n#row-1868437560 > .col > .col-inner {\n  padding: 60px 0px 0px 0px;\n}\n<\/style>\n<\/div>\n<p style=\"text-align: center;\">CLAYSS renov\u00f3 sus autoridades en junio de 2018.<\/p>\n<p>&nbsp;<\/p>\n<div class=\"row\"  id=\"row-838636402\">\n\n\t<div id=\"col-1479495627\" class=\"col small-12 large-12\"  >\n\t\t\t\t<div class=\"col-inner\"  >\n\t\t\t\n\t\t\t\n<div class=\"row\"  id=\"row-379527778\">\n\n\t<div id=\"col-242537100\" class=\"col medium-4 small-12 large-4\"  >\n\t\t\t\t<div class=\"col-inner\"  >\n\t\t\t\n\t\t\t\n\t<div id=\"text-176913467\" class=\"text\">\n\t\t\n<h3>Comisi\u00f3n directiva<\/h3>\n<ul>\n<li>Presidente: <strong>Jorge San Mart\u00edn<\/strong><\/li>\n<li>Secretaria: <strong>Graciela Del Campo<\/strong><\/li>\n<li>Pro -Secretaria: <strong>Ma. Gabriela Malacrida<\/strong><\/li>\n<li>Tesorero: <strong>Jorge Villella<\/strong><\/li>\n<li>Revisor de cuentas: <strong>Eduardo Tasca<\/strong><\/li>\n<\/ul>\n\t\t\n<style>\n#text-176913467 {\n  font-size: 0.8rem;\n}\n<\/style>\n\t<\/div>\n\t\n\t<div id=\"text-2973517663\" class=\"text\">\n\t\t\n<h3><\/h3>\n<h3>Sede Uruguay<\/h3>\n<ul>\n<li>Coordinadora Sede Uruguay: <strong>Marianela Fern\u00e1ndez Villa<\/strong><\/li>\n<li>Consultor\u00eda profesional:<strong> Omar Sellanes<\/strong><\/li>\n<li>Presidenta Asociaci\u00f3n Civil: <strong>Lucila Leis<\/strong><\/li>\n<\/ul>\n\t\t\n<style>\n#text-2973517663 {\n  font-size: 0.8rem;\n}\n<\/style>\n\t<\/div>\n\t\n\t\t<\/div>\n\t\t\t\t\t<\/div>\n\n\t\n\n\t<div id=\"col-1861228636\" class=\"col medium-4 small-12 large-4\"  >\n\t\t\t\t<div class=\"col-inner\"  >\n\t\t\t\n\t\t\t\n\t<div id=\"text-3230472541\" class=\"text\">\n\t\t\n<h3>Equipo profesional<\/h3>\n<ul>\n<li>Directora: <strong>Mar\u00eda Nieves Tapia<\/strong><\/li>\n<li>Director Ejecutivo: <strong>Enrique Ochoa<\/strong><\/li>\n<\/ul>\n\t\t\n<style>\n#text-3230472541 {\n  font-size: 0.8rem;\n}\n<\/style>\n\t<\/div>\n\t\n\t<div id=\"text-2823759970\" class=\"text\">\n\t\t\n<h3>\u00a0<\/h3>\n<h3>\u00c1reas<\/h3>\n<p><strong>Apoyo a Instituciones:<\/strong><\/p>\n<ul>\n<li>Alejandro Gimelli (Escuelas\/OSC)<\/li>\n<li>Mar\u00eda Rosa Tapia (Educaci\u00f3n Superior)<\/li>\n<\/ul>\n<p><strong>Capacitaci\u00f3n:<\/strong><\/p>\n<ul>\n<li>\u00c1ngeles Soletic<\/li>\n<li>Agustina Cama\u00f1o<\/li>\n<li>Karen Martinez<\/li>\n<li>Carla Plaza<\/li>\n<li>Jorge Sosa Rol\u00f3n<\/li>\n<\/ul>\n<p><strong>Comunicaci\u00f3n:<\/strong><\/p>\n<ul>\n<li>Anal\u00eda G. Rossi<\/li>\n<li>Mar\u00eda de los Milagros Dominici<\/li>\n<li>Milagros Herebia<\/li>\n<li>Karina Marconi<\/li>\n<li>Barbara Sciuto<\/li>\n<li>Mar\u00eda Ana Tapia Sasot<\/li>\n<\/ul>\n<p><strong>Administraci\u00f3n:<\/strong><\/p>\n<ul>\n<li>Florencia Herrero<\/li>\n<li>Luciana Gineste<\/li>\n<li>Pedro Ceballos<\/li>\n<li>Gabriel Guijo<\/li>\n<li>Nathaly Parra<\/li>\n<\/ul>\n<p><strong>Relaciones Institucionales y Redes:<\/strong><\/p>\n<ul>\n<li>Luz Avruj<\/li>\n<\/ul>\n\t\t\n<style>\n#text-2823759970 {\n  font-size: 0.8rem;\n}\n<\/style>\n\t<\/div>\n\t\n\t<div id=\"text-3700266378\" class=\"text\">\n\t\t\n<h3>\u00a0<\/h3>\n<h3>Programas<\/h3>\n<p><strong>Uniservitate:<\/strong><\/p>\n<ul>\n<li>Mar\u00eda Rosa Tapia<\/li>\n<li>Andr\u00e9s Peregalli<\/li>\n<li>Alejandra Batista<\/li>\n<li>Candelaria Ferrara<\/li>\n<li>Ezequiel G\u00f3mez Caride<\/li>\n<li>Mariano Garc\u00eda<\/li>\n<li>Daniel Giorgetti<\/li>\n<li>Silvina Premat<\/li>\n<li>Pedro Rodriguez<\/li>\n<li>Isabel Tresca<\/li>\n<li>Lorena Yaber<\/li>\n<\/ul>\n<p><strong>Artes:<\/strong><\/p>\n<ul>\n<li>Pablo Daniel Buj\u00e1n Matas<\/li>\n<li>Alejandra Catibiela<\/li>\n<li>Mateo de Urquiza<\/li>\n<\/ul>\n\t\t\n<style>\n#text-3700266378 {\n  font-size: 0.8rem;\n}\n<\/style>\n\t<\/div>\n\t\n\t\t<\/div>\n\t\t\t\t\t<\/div>\n\n\t\n\n\t<div id=\"col-1484770170\" class=\"col medium-4 small-12 large-4\"  >\n\t\t\t\t<div class=\"col-inner\"  >\n\t\t\t\n\t\t\t\n\t<div id=\"text-2118878015\" class=\"text\">\n\t\t\n<h3>Equipo de formadores<\/h3>\n<p>Equipo de profesionales que desarrolla actividades de capacitaci\u00f3n y asistencia t\u00e9cnica presencial y a distancia a pedido de escuelas, instituciones de Educaci\u00f3n Superior y organizaciones. <strong>Argentina:<\/strong><\/p>\n<ul>\n<li>Abal de Hevia, Isabel<\/li>\n<li>Albarracin, Nilda<\/li>\n<li>Alegre, Rosa<\/li>\n<li>Astorga, Alberto<\/li>\n<li>Bianconi, Mabel Nelly<\/li>\n<li>Bridi, Gerardo<\/li>\n<li>Borges, iris<\/li>\n<li>Caffaratti, Julieta<\/li>\n<li>Camperi, Raquel<\/li>\n<li>Cerdeira, Natalia Graciela<\/li>\n<li>Chaparro, Belen<\/li>\n<li>Coppola, Marcela Irene<\/li>\n<li>Del Conte, Vanesa<\/li>\n<li>Do Pico, Ana<\/li>\n<li>Giorgetti, Daniel<\/li>\n<li>Hern\u00e1ndez, Adriana In\u00e9s<\/li>\n<li>Herrero, Mar\u00eda Alejandra<\/li>\n<li>Ierullo, Martin<\/li>\n<li>Isola, Mercedes<\/li>\n<li>Lescano, Natalia<\/li>\n<li>Maidana, Mar\u00eda Paula<\/li>\n<li>Malacrida, Mar\u00eda Gabriela<\/li>\n<li>Manrique, Diego Sebasti\u00e1n<\/li>\n<li>Martinez Vivot, Marcela<\/li>\n<li>Massat, Elena<\/li>\n<li>Medina, Lilian<\/li>\n<li>Nicoletti-Altimari, Laura<\/li>\n<li>Puglisi, Sebastian<\/li>\n<li>Regina, Carla Elena<\/li>\n<li>Reina, Maria Adaluz<\/li>\n<li>Rial, Sergio<\/li>\n<li>Ricamonte Cardozo, M\u00f3nica Janet<\/li>\n<li>Rodr\u00edguez Jensen, Mar\u00eda Alicia<\/li>\n<li>Sosa Rol\u00f3n, Jorge<\/li>\n<li>Trincado, Mar\u00eda del Carmen<\/li>\n<li>Yaber, Lorena<\/li>\n<\/ul>\n<p><strong>Uruguay:<\/strong><\/p>\n<ul>\n<li>\u00c1lvarez P\u00e9rez, Silvia Alejandra<\/li>\n<li>Ascano Cipullo, Marta Fanny<\/li>\n<li>Canavessi, Gianella<\/li>\n<li>Cedres Lavaca, Silvia Mara<\/li>\n<li>Ciancio Beltr\u00e1n, Gladys Yudith<\/li>\n<li>de Las Heras Casaballe, Olga Mabel<\/li>\n<li>D\u00edaz Dur\u00e1n, Guillermo Jos\u00e9<\/li>\n<li>Hern\u00e1ndez, Mar\u00eda Noel<\/li>\n<li>Machado Rivero, Andrea Natalia<\/li>\n<li>Obrusnik Sanguinetti, Maria Victoria<\/li>\n<li>Ramos Tau, Sabrina<\/li>\n<li>Ricamonte Cardozo, M\u00f3nica Janet<\/li>\n<li>Rocca Bauz\u00e1n, Mar\u00eda Leticia<\/li>\n<li>Rojas Miletic, Victoria<\/li>\n<li>Santana, Montserrat<\/li>\n<li>Vega Rossy, Elianne<\/li>\n<li>Iba\u00f1ez, Fabio Felix<\/li>\n<li>Scala, Ana Mar\u00eda<\/li>\n<\/ul>\n\t\t\n<style>\n#text-2118878015 {\n  font-size: 0.8rem;\n}\n<\/style>\n\t<\/div>\n\t\n\t\t<\/div>\n\t\t\t\t\t<\/div>\n\n\t\n<\/div>\n<p>Voluntarios: CLAYSS recibe voluntarios del Programa CIEE de la Facultad Latinoamericana de Ciencias Sociales (FLACSO) y de otras instituciones.<\/p>\n<p>Para realizar pasant\u00edas en CLAYSS o colaborar como voluntario\/a comunicarse con:<a href=\"mailto:info@clayss.org\">info@clayss.org<\/a><\/p>\n\t\t<\/div>\n\t\t\t\t\t<\/div>\n\n\t\n<\/div>\n","protected":false},"excerpt":{"rendered":"<p>CLAYSS renov\u00f3 sus autoridades en junio de 2018. &nbsp;<\/p>\n","protected":false},"author":4,"featured_media":0,"parent":0,"menu_order":0,"comment_status":"closed","ping_status":"closed","template":"page-blank.php","meta":{"_monsterinsights_skip_tracking":false,"_monsterinsights_sitenote_active":false,"_monsterinsights_sitenote_note":"","_monsterinsights_sitenote_category":0,"iawp_total_views":104,"footnotes":""},"class_list":["post-2152","page","type-page","status-publish","hentry"],"yoast_head":"<!-- This site is optimized with the Yoast SEO plugin v27.5 - https:\/\/yoast.com\/product\/yoast-seo-wordpress\/ -->\n<title>organigrama - CLAYSS<\/title>\n<meta name=\"robots\" content=\"index, follow, max-snippet:-1, max-image-preview:large, max-video-preview:-1\" \/>\n<link rel=\"canonical\" href=\"https:\/\/www.clayss.org\/en\/organigrama\/\" \/>\n<meta property=\"og:locale\" content=\"en_US\" \/>\n<meta property=\"og:type\" content=\"article\" \/>\n<meta property=\"og:title\" content=\"organigrama - CLAYSS\" \/>\n<meta property=\"og:description\" content=\"CLAYSS renov\u00f3 sus autoridades en junio de 2018. &nbsp;\" \/>\n<meta property=\"og:url\" content=\"https:\/\/www.clayss.org\/en\/organigrama\/\" \/>\n<meta property=\"og:site_name\" content=\"CLAYSS\" \/>\n<meta property=\"article:modified_time\" content=\"2025-07-24T17:32:03+00:00\" \/>\n<meta name=\"twitter:card\" content=\"summary_large_image\" \/>\n<meta name=\"twitter:label1\" content=\"Est. reading time\" \/>\n\t<meta name=\"twitter:data1\" content=\"3 minutes\" \/>\n<script type=\"application\/ld+json\" class=\"yoast-schema-graph\">{\"@context\":\"https:\\\/\\\/schema.org\",\"@graph\":[{\"@type\":\"WebPage\",\"@id\":\"https:\\\/\\\/www.clayss.org\\\/en\\\/organigrama\\\/\",\"url\":\"https:\\\/\\\/www.clayss.org\\\/en\\\/organigrama\\\/\",\"name\":\"organigrama - CLAYSS\",\"isPartOf\":{\"@id\":\"https:\\\/\\\/www.clayss.org\\\/#website\"},\"datePublished\":\"2023-08-16T14:42:27+00:00\",\"dateModified\":\"2025-07-24T17:32:03+00:00\",\"breadcrumb\":{\"@id\":\"https:\\\/\\\/www.clayss.org\\\/en\\\/organigrama\\\/#breadcrumb\"},\"inLanguage\":\"en-US\",\"potentialAction\":[{\"@type\":\"ReadAction\",\"target\":[\"https:\\\/\\\/www.clayss.org\\\/en\\\/organigrama\\\/\"]}]},{\"@type\":\"BreadcrumbList\",\"@id\":\"https:\\\/\\\/www.clayss.org\\\/en\\\/organigrama\\\/#breadcrumb\",\"itemListElement\":[{\"@type\":\"ListItem\",\"position\":1,\"name\":\"Portada\",\"item\":\"https:\\\/\\\/www.clayss.org\\\/en\\\/\"},{\"@type\":\"ListItem\",\"position\":2,\"name\":\"organigrama\"}]},{\"@type\":\"WebSite\",\"@id\":\"https:\\\/\\\/www.clayss.org\\\/#website\",\"url\":\"https:\\\/\\\/www.clayss.org\\\/\",\"name\":\"CLAYSS\",\"description\":\"\",\"potentialAction\":[{\"@type\":\"SearchAction\",\"target\":{\"@type\":\"EntryPoint\",\"urlTemplate\":\"https:\\\/\\\/www.clayss.org\\\/?s={search_term_string}\"},\"query-input\":{\"@type\":\"PropertyValueSpecification\",\"valueRequired\":true,\"valueName\":\"search_term_string\"}}],\"inLanguage\":\"en-US\"}]}<\/script>\n<!-- \/ Yoast SEO plugin. -->","yoast_head_json":{"title":"organigrama - CLAYSS","robots":{"index":"index","follow":"follow","max-snippet":"max-snippet:-1","max-image-preview":"max-image-preview:large","max-video-preview":"max-video-preview:-1"},"canonical":"https:\/\/www.clayss.org\/en\/organigrama\/","og_locale":"en_US","og_type":"article","og_title":"organigrama - CLAYSS","og_description":"CLAYSS renov\u00f3 sus autoridades en junio de 2018. &nbsp;","og_url":"https:\/\/www.clayss.org\/en\/organigrama\/","og_site_name":"CLAYSS","article_modified_time":"2025-07-24T17:32:03+00:00","twitter_card":"summary_large_image","twitter_misc":{"Est. reading time":"3 minutes"},"schema":{"@context":"https:\/\/schema.org","@graph":[{"@type":"WebPage","@id":"https:\/\/www.clayss.org\/en\/organigrama\/","url":"https:\/\/www.clayss.org\/en\/organigrama\/","name":"organigrama - CLAYSS","isPartOf":{"@id":"https:\/\/www.clayss.org\/#website"},"datePublished":"2023-08-16T14:42:27+00:00","dateModified":"2025-07-24T17:32:03+00:00","breadcrumb":{"@id":"https:\/\/www.clayss.org\/en\/organigrama\/#breadcrumb"},"inLanguage":"en-US","potentialAction":[{"@type":"ReadAction","target":["https:\/\/www.clayss.org\/en\/organigrama\/"]}]},{"@type":"BreadcrumbList","@id":"https:\/\/www.clayss.org\/en\/organigrama\/#breadcrumb","itemListElement":[{"@type":"ListItem","position":1,"name":"Portada","item":"https:\/\/www.clayss.org\/en\/"},{"@type":"ListItem","position":2,"name":"organigrama"}]},{"@type":"WebSite","@id":"https:\/\/www.clayss.org\/#website","url":"https:\/\/www.clayss.org\/","name":"CLAYSS","description":"","potentialAction":[{"@type":"SearchAction","target":{"@type":"EntryPoint","urlTemplate":"https:\/\/www.clayss.org\/?s={search_term_string}"},"query-input":{"@type":"PropertyValueSpecification","valueRequired":true,"valueName":"search_term_string"}}],"inLanguage":"en-US"}]}},"_links":{"self":[{"href":"https:\/\/www.clayss.org\/en\/wp-json\/wp\/v2\/pages\/2152","targetHints":{"allow":["GET"]}}],"collection":[{"href":"https:\/\/www.clayss.org\/en\/wp-json\/wp\/v2\/pages"}],"about":[{"href":"https:\/\/www.clayss.org\/en\/wp-json\/wp\/v2\/types\/page"}],"author":[{"embeddable":true,"href":"https:\/\/www.clayss.org\/en\/wp-json\/wp\/v2\/users\/4"}],"replies":[{"embeddable":true,"href":"https:\/\/www.clayss.org\/en\/wp-json\/wp\/v2\/comments?post=2152"}],"version-history":[{"count":4,"href":"https:\/\/www.clayss.org\/en\/wp-json\/wp\/v2\/pages\/2152\/revisions"}],"predecessor-version":[{"id":2783,"href":"https:\/\/www.clayss.org\/en\/wp-json\/wp\/v2\/pages\/2152\/revisions\/2783"}],"wp:attachment":[{"href":"https:\/\/www.clayss.org\/en\/wp-json\/wp\/v2\/media?parent=2152"}],"curies":[{"name":"wp","href":"https:\/\/api.w.org\/{rel}","templated":true}]}}